{"id":548,"date":"2018-03-02T17:41:18","date_gmt":"2018-03-02T16:41:18","guid":{"rendered":"http:\/\/la-chandelle.com\/?page_id=548"},"modified":"2024-01-02T09:46:04","modified_gmt":"2024-01-02T08:46:04","slug":"ontact-itineraire","status":"publish","type":"page","link":"https:\/\/la-chandelle.com\/fr\/ontact-itineraire\/","title":{"rendered":"Contact et itin\u00e9raire"},"content":{"rendered":"<h4 style=\"text-align: left;\">Contact et itin\u00e9raire<\/h4>\n<p style=\"text-align: left;\"><strong><br \/>\nContact<\/strong><br \/>\nPer mail: <a href=\"mailto:contact@la-chandelle.com\">contact@la-chandelle.com<br \/>\n<\/a>T\u00e9l\u00e9phone:\u00a0(0033) (0)3.86.24.43.54<\/p>\n<p>Vous pouvez \u00e9galement remplir\u00a0<a href=\"http:\/\/la-chandelle.com\/fr\/reserver\/\">le formulaire de r\u00e9servation<\/a>, vous allez entendre de notre part d\u00e8s que possible.<\/p>\n<p style=\"text-align: left;\"><strong>Notre adresse<\/strong><br \/>\nChambres d&rsquo;H\u00f4tes \u00e0 La Chandelle<br \/>\n24 le Chandelier<br \/>\n58800 Epiry<br \/>\nFrance<\/p>\n<p>Latitude N 47.17626\u02da<\/p>\n<p>Longitude E 3.74178\u02da<\/p>\n<p style=\"text-align: left;\"><strong>Route<\/strong><br \/>\n<iframe loading=\"lazy\" style=\"border: 0;\" src=\"https:\/\/www.google.com\/maps\/embed?pb=!1m18!1m12!1m3!1d10848.080269152402!2d3.7383938515228263!3d47.17704367905626!2m3!1f0!2f0!3f0!3m2!1i1024!2i768!4f13.1!3m3!1m2!1s0x47f1e90a6d6733af%3A0xbc06b01afda0aca8!2s24+Le+Chandelier%2C+58800+Epiry%2C+Frankrijk!5e0!3m2!1snl!2snl!4v1511870962714\" width=\"600\" height=\"450\" frameborder=\"0\" allowfullscreen=\"allowfullscreen\" data-mce-fragment=\"1\"><\/iframe><\/p>\n<p><b>Coordonn\u00e9es bancaires<\/b><\/p>\n<div class=\"page\" title=\"Page 1\">\n<div class=\"section\">\n<div class=\"layoutArea\">\n<div class=\"column\">\n<p>IBAN: FR76 1480 6580 0072 0279 7071 177<\/p>\n<div class=\"page\" title=\"Page 1\">\n<div class=\"section\">\n<div class=\"layoutArea\">\n<div class=\"column\">\n<p>Titulaire: Van Schaick-Werb, D\u00e9sir\u00e9e<\/p>\n<\/div>\n<\/div>\n<\/div>\n<\/div>\n<\/div>\n<\/div>\n<\/div>\n<\/div>\n","protected":false},"excerpt":{"rendered":"<p>Contact et itin\u00e9raire Contact Per mail: contact@la-chandelle.com T\u00e9l\u00e9phone:\u00a0(0033) (0)3.86.24.43.54 Vous pouvez \u00e9galement remplir\u00a0le formulaire de r\u00e9servation, vous allez entendre de notre part d\u00e8s que possible. Notre adresse Chambres d&rsquo;H\u00f4tes \u00e0 La Chandelle 24 le Chandelier 58800 Epiry France Latitude N 47.17626\u02da Longitude E 3.74178\u02da Route Coordonn\u00e9es bancaires IBAN: FR76 1480\u2026<\/p>\n<p> <a class=\"continue-reading-link\" href=\"https:\/\/la-chandelle.com\/fr\/ontact-itineraire\/\"><span>Continue reading<\/span><i class=\"crycon-right-dir\"><\/i><\/a> <\/p>\n","protected":false},"author":1,"featured_media":0,"parent":0,"menu_order":8,"comment_status":"closed","ping_status":"closed","template":"","meta":{"footnotes":""},"class_list":["post-548","page","type-page","status-publish","hentry"],"yoast_head":"<!-- This site is optimized with the Yoast SEO plugin v27.6 - https:\/\/yoast.com\/product\/yoast-seo-wordpress\/ -->\n<title>Contact et itin\u00e9raire -<\/title>\n<meta name=\"description\" content=\"Contact: Per mail: contact@la-chandelle.com T\u00e9l\u00e9phone: (0033) (0)3.86.24.43.54 Vous pouvez \u00e9galement remplir le formulaire de r\u00e9servation , vous allez entendre de notre part d\u00e8s que possible. Notre adresse Chambres d&#039;H\u00f4tes La Chandelle 24 le Chandelier 58800, Epiry, France\" \/>\n<meta name=\"robots\" content=\"index, follow, max-snippet:-1, max-image-preview:large, max-video-preview:-1\" \/>\n<link rel=\"canonical\" href=\"https:\/\/la-chandelle.com\/fr\/ontact-itineraire\/\" \/>\n<meta property=\"og:locale\" content=\"fr_FR\" \/>\n<meta property=\"og:type\" content=\"article\" \/>\n<meta property=\"og:title\" content=\"Contact et itin\u00e9raire -\" \/>\n<meta property=\"og:description\" content=\"Contact: Per mail: contact@la-chandelle.com T\u00e9l\u00e9phone: (0033) (0)3.86.24.43.54 Vous pouvez \u00e9galement remplir le formulaire de r\u00e9servation , vous allez entendre de notre part d\u00e8s que possible. Notre adresse Chambres d&#039;H\u00f4tes La Chandelle 24 le Chandelier 58800, Epiry, France\" \/>\n<meta property=\"og:url\" content=\"https:\/\/la-chandelle.com\/fr\/ontact-itineraire\/\" \/>\n<meta property=\"article:modified_time\" content=\"2024-01-02T08:46:04+00:00\" \/>\n<meta name=\"twitter:card\" content=\"summary_large_image\" \/>\n<meta name=\"twitter:label1\" content=\"Dur\u00e9e de lecture estim\u00e9e\" \/>\n\t<meta name=\"twitter:data1\" content=\"1 minute\" \/>\n<script type=\"application\/ld+json\" class=\"yoast-schema-graph\">{\"@context\":\"https:\\\/\\\/schema.org\",\"@graph\":[{\"@type\":\"WebPage\",\"@id\":\"https:\\\/\\\/la-chandelle.com\\\/fr\\\/ontact-itineraire\\\/\",\"url\":\"https:\\\/\\\/la-chandelle.com\\\/fr\\\/ontact-itineraire\\\/\",\"name\":\"Contact et itin\u00e9raire -\",\"isPartOf\":{\"@id\":\"https:\\\/\\\/la-chandelle.com\\\/#website\"},\"datePublished\":\"2018-03-02T16:41:18+00:00\",\"dateModified\":\"2024-01-02T08:46:04+00:00\",\"description\":\"Contact: Per mail: contact@la-chandelle.com T\u00e9l\u00e9phone: (0033) (0)3.86.24.43.54 Vous pouvez \u00e9galement remplir le formulaire de r\u00e9servation , vous allez entendre de notre part d\u00e8s que possible. Notre adresse Chambres d'H\u00f4tes La Chandelle 24 le Chandelier 58800, Epiry, France\",\"breadcrumb\":{\"@id\":\"https:\\\/\\\/la-chandelle.com\\\/fr\\\/ontact-itineraire\\\/#breadcrumb\"},\"inLanguage\":\"fr-FR\",\"potentialAction\":[{\"@type\":\"ReadAction\",\"target\":[\"https:\\\/\\\/la-chandelle.com\\\/fr\\\/ontact-itineraire\\\/\"]}]},{\"@type\":\"BreadcrumbList\",\"@id\":\"https:\\\/\\\/la-chandelle.com\\\/fr\\\/ontact-itineraire\\\/#breadcrumb\",\"itemListElement\":[{\"@type\":\"ListItem\",\"position\":1,\"name\":\"Home\",\"item\":\"https:\\\/\\\/la-chandelle.com\\\/fr\\\/\"},{\"@type\":\"ListItem\",\"position\":2,\"name\":\"Contact et itin\u00e9raire\"}]},{\"@type\":\"WebSite\",\"@id\":\"https:\\\/\\\/la-chandelle.com\\\/#website\",\"url\":\"https:\\\/\\\/la-chandelle.com\\\/\",\"name\":\"\",\"description\":\"\",\"potentialAction\":[{\"@type\":\"SearchAction\",\"target\":{\"@type\":\"EntryPoint\",\"urlTemplate\":\"https:\\\/\\\/la-chandelle.com\\\/?s={search_term_string}\"},\"query-input\":{\"@type\":\"PropertyValueSpecification\",\"valueRequired\":true,\"valueName\":\"search_term_string\"}}],\"inLanguage\":\"fr-FR\"}]}<\/script>\n<!-- \/ Yoast SEO plugin. -->","yoast_head_json":{"title":"Contact et itin\u00e9raire -","description":"Contact: Per mail: contact@la-chandelle.com T\u00e9l\u00e9phone: (0033) (0)3.86.24.43.54 Vous pouvez \u00e9galement remplir le formulaire de r\u00e9servation , vous allez entendre de notre part d\u00e8s que possible. Notre adresse Chambres d'H\u00f4tes La Chandelle 24 le Chandelier 58800, Epiry, France","robots":{"index":"index","follow":"follow","max-snippet":"max-snippet:-1","max-image-preview":"max-image-preview:large","max-video-preview":"max-video-preview:-1"},"canonical":"https:\/\/la-chandelle.com\/fr\/ontact-itineraire\/","og_locale":"fr_FR","og_type":"article","og_title":"Contact et itin\u00e9raire -","og_description":"Contact: Per mail: contact@la-chandelle.com T\u00e9l\u00e9phone: (0033) (0)3.86.24.43.54 Vous pouvez \u00e9galement remplir le formulaire de r\u00e9servation , vous allez entendre de notre part d\u00e8s que possible. Notre adresse Chambres d'H\u00f4tes La Chandelle 24 le Chandelier 58800, Epiry, France","og_url":"https:\/\/la-chandelle.com\/fr\/ontact-itineraire\/","article_modified_time":"2024-01-02T08:46:04+00:00","twitter_card":"summary_large_image","twitter_misc":{"Dur\u00e9e de lecture estim\u00e9e":"1 minute"},"schema":{"@context":"https:\/\/schema.org","@graph":[{"@type":"WebPage","@id":"https:\/\/la-chandelle.com\/fr\/ontact-itineraire\/","url":"https:\/\/la-chandelle.com\/fr\/ontact-itineraire\/","name":"Contact et itin\u00e9raire -","isPartOf":{"@id":"https:\/\/la-chandelle.com\/#website"},"datePublished":"2018-03-02T16:41:18+00:00","dateModified":"2024-01-02T08:46:04+00:00","description":"Contact: Per mail: contact@la-chandelle.com T\u00e9l\u00e9phone: (0033) (0)3.86.24.43.54 Vous pouvez \u00e9galement remplir le formulaire de r\u00e9servation , vous allez entendre de notre part d\u00e8s que possible. Notre adresse Chambres d'H\u00f4tes La Chandelle 24 le Chandelier 58800, Epiry, France","breadcrumb":{"@id":"https:\/\/la-chandelle.com\/fr\/ontact-itineraire\/#breadcrumb"},"inLanguage":"fr-FR","potentialAction":[{"@type":"ReadAction","target":["https:\/\/la-chandelle.com\/fr\/ontact-itineraire\/"]}]},{"@type":"BreadcrumbList","@id":"https:\/\/la-chandelle.com\/fr\/ontact-itineraire\/#breadcrumb","itemListElement":[{"@type":"ListItem","position":1,"name":"Home","item":"https:\/\/la-chandelle.com\/fr\/"},{"@type":"ListItem","position":2,"name":"Contact et itin\u00e9raire"}]},{"@type":"WebSite","@id":"https:\/\/la-chandelle.com\/#website","url":"https:\/\/la-chandelle.com\/","name":"","description":"","potentialAction":[{"@type":"SearchAction","target":{"@type":"EntryPoint","urlTemplate":"https:\/\/la-chandelle.com\/?s={search_term_string}"},"query-input":{"@type":"PropertyValueSpecification","valueRequired":true,"valueName":"search_term_string"}}],"inLanguage":"fr-FR"}]}},"_links":{"self":[{"href":"https:\/\/la-chandelle.com\/fr\/wp-json\/wp\/v2\/pages\/548","targetHints":{"allow":["GET"]}}],"collection":[{"href":"https:\/\/la-chandelle.com\/fr\/wp-json\/wp\/v2\/pages"}],"about":[{"href":"https:\/\/la-chandelle.com\/fr\/wp-json\/wp\/v2\/types\/page"}],"author":[{"embeddable":true,"href":"https:\/\/la-chandelle.com\/fr\/wp-json\/wp\/v2\/users\/1"}],"replies":[{"embeddable":true,"href":"https:\/\/la-chandelle.com\/fr\/wp-json\/wp\/v2\/comments?post=548"}],"version-history":[{"count":9,"href":"https:\/\/la-chandelle.com\/fr\/wp-json\/wp\/v2\/pages\/548\/revisions"}],"predecessor-version":[{"id":1483,"href":"https:\/\/la-chandelle.com\/fr\/wp-json\/wp\/v2\/pages\/548\/revisions\/1483"}],"wp:attachment":[{"href":"https:\/\/la-chandelle.com\/fr\/wp-json\/wp\/v2\/media?parent=548"}],"curies":[{"name":"wp","href":"https:\/\/api.w.org\/{rel}","templated":true}]}}